{"id":2036,"date":"2013-06-14T18:37:39","date_gmt":"2013-06-14T16:37:39","guid":{"rendered":"http:\/\/nowa.geokons.pl\/?page_id=2036"},"modified":"2019-11-05T11:53:13","modified_gmt":"2019-11-05T10:53:13","slug":"oferta","status":"publish","type":"page","link":"https:\/\/geokons.pl\/?page_id=2036","title":{"rendered":"Oferta"},"content":{"rendered":"<p><strong>Oferta og\u00f3lna na wykonawstwo oraz doradztwo techniczne i projekty w nast\u0119puj\u0105cych zagadnieniach:<\/strong><\/p>\n<p>Remonty zbiornik\u00f3w, tuneli, kana\u0142\u00f3w betonowych i \u017celbetonowych oraz wszelkiego typu obiekt\u00f3w magazynuj\u0105cych ciecze.<\/p>\n<p>Uszczelnianie i izolowanie przeciwwodne konstrukcji in\u017cynierskich przed nap\u0142ywem w\u00f3d gruntowych.<\/p>\n<p>Uszczelnianie wysypisk i sk\u0142adowisk oraz innych ziemnych konstrukcji magazynuj\u0105cych.<\/p>\n<p>Wykonywanie zabezpiecze\u0144 antykorozyjnych na powierzchniach ceglanych, betonowych i stalowych obiekt\u00f3w pracuj\u0105cych w r\u00f3\u017cnych \u009c\u015brodowiskach.<\/p>\n<p>Osuszanie wilgotnych mur\u00f3w ceglanych i betonowych, odtwarzanie przeciwwilgociowych izolacji poziomych i pionowych.<\/p>\n<p>Zak\u0142adanie izolacji przeciwwodnych i przeciwwilgociowych na tarasach, stropach konstrukcji podziemnych i dachach.<\/p>\n<p>Wykonywanie posadzek specjalistycznych i zabezpiecze\u0144 powierzchni betonowych.<\/p>\n<p>Prace iniekcyjne, wiercenia koronkowe i rdzeniowe w betonach. Beton natryskowy.<\/p>\n<p>Kucie i czyszczenie wod\u0105 2 500 bar.<\/p>\n<p>Wynajem sprz\u0119tu specjalistycznego.<\/p>\n<p>Wykonawstwo, ekspertyzy i projekty.<\/p>\n","protected":false},"excerpt":{"rendered":"<p>Oferta og\u00f3lna na wykonawstwo oraz doradztwo techniczne i projekty w nast\u0119puj\u0105cych zagadnieniach: Remonty zbiornik\u00f3w, tuneli, kana\u0142\u00f3w betonowych i \u017celbetonowych oraz wszelkiego typu obiekt\u00f3w magazynuj\u0105cych ciecze. Uszczelnianie i izolowanie przeciwwodne konstrukcji in\u017cynierskich przed nap\u0142ywem w\u00f3d gruntowych. Uszczelnianie wysypisk i sk\u0142adowisk oraz innych ziemnych konstrukcji magazynuj\u0105cych. Wykonywanie zabezpiecze\u0144 antykorozyjnych na powierzchniach ceglanych, betonowych i stalowych obiekt\u00f3w pracuj\u0105cych w r\u00f3\u017cnych \u009c\u015brodowiskach. Osuszanie wilgotnych mur\u00f3w ceglanych i betonowych, odtwarzanie przeciwwilgociowych izolacji poziomych i pionowych. Zak\u0142adanie izolacji przeciwwodnych i przeciwwilgociowych na tarasach, stropach konstrukcji podziemnych i dachach. Wykonywanie posadzek specjalistycznych i zabezpiecze\u0144 powierzchni betonowych. Prace iniekcyjne, wiercenia koronkowe i rdzeniowe w betonach. Beton natryskowy. Kucie i czyszczenie wod\u0105 2 500 bar. Wynajem sprz\u0119tu specjalistycznego. Wykonawstwo, ekspertyzy i projekty.<\/p>\n","protected":false},"author":1,"featured_media":0,"parent":0,"menu_order":0,"comment_status":"open","ping_status":"open","template":"","meta":{"jetpack_post_was_ever_published":false,"footnotes":""},"jetpack_shortlink":"https:\/\/wp.me\/P4Gd0O-wQ","jetpack_sharing_enabled":true,"_links":{"self":[{"href":"https:\/\/geokons.pl\/index.php?rest_route=\/wp\/v2\/pages\/2036"}],"collection":[{"href":"https:\/\/geokons.pl\/index.php?rest_route=\/wp\/v2\/pages"}],"about":[{"href":"https:\/\/geokons.pl\/index.php?rest_route=\/wp\/v2\/types\/page"}],"author":[{"embeddable":true,"href":"https:\/\/geokons.pl\/index.php?rest_route=\/wp\/v2\/users\/1"}],"replies":[{"embeddable":true,"href":"https:\/\/geokons.pl\/index.php?rest_route=%2Fwp%2Fv2%2Fcomments&post=2036"}],"version-history":[{"count":6,"href":"https:\/\/geokons.pl\/index.php?rest_route=\/wp\/v2\/pages\/2036\/revisions"}],"predecessor-version":[{"id":2223,"href":"https:\/\/geokons.pl\/index.php?rest_route=\/wp\/v2\/pages\/2036\/revisions\/2223"}],"wp:attachment":[{"href":"https:\/\/geokons.pl\/index.php?rest_route=%2Fwp%2Fv2%2Fmedia&parent=2036"}],"curies":[{"name":"wp","href":"https:\/\/api.w.org\/{rel}","templated":true}]}}